{"id":2538,"date":"2021-12-02T04:42:06","date_gmt":"2021-12-02T03:42:06","guid":{"rendered":"http:\/\/newpage.conkret.com.pl\/dane-osobowe\/"},"modified":"2022-02-01T14:50:29","modified_gmt":"2022-02-01T13:50:29","slug":"datenschutz-bestimmungen","status":"publish","type":"page","link":"https:\/\/conkret.com.pl\/de\/datenschutz-bestimmungen\/","title":{"rendered":"Datenschutzbestimmungen"},"content":{"rendered":"\n<h4 class=\"s-polityka-prywatnosci wp-block-heading\" id=\"datenschutzbestimmungen\"><strong><strong>Datenschutzbestimmungen<\/strong><\/strong><\/h4>\n\n\n\n<p>Durch die Nutzung unserer Website und der darauf verf\u00fcgbaren Dienste, Leistungen und Funktionen vertrauen Sie uns Ihre pers\u00f6nlichen Daten an. Im Rahmen bestimmter Dienste oder Funktionen kann es vorkommen, dass Sie diese Daten Rechtssubjekten anvertrauen, mit denen wir direkt oder indirekt zusammenarbeiten, in erster Linie, um Ihnen qualitativ hochwertige Dienste zu bieten, aber auch im Rahmen von Marketingaktivit\u00e4ten. Der Zweck dieser Datenschutzbestimmungen ist es, Sie dar\u00fcber zu informieren, welche Daten wir sammeln, zu welchem Zweck, auf welcher Grundlage und wof\u00fcr wir sie verwenden d\u00fcrfen. Alle in diesen Datenschutzbestimmungen enthaltenen Informationen sind f\u00fcr den Schutz Ihrer Rechte und Freiheiten von Bedeutung, weshalb wir Sie bitten, sich mit dem Inhalt dieses Dokuments vertraut zu machen.<\/p>\n\n\n\n<p>Bei der Verarbeitung Ihrer Daten st\u00fctzen wir uns auf Rechtsvorschriften, insbesondere auf die Verordnung (EU) 2016\/679 des Europ\u00e4ischen Parlaments und des Rates vom 27. April 2016 zum Schutz nat\u00fcrlicher Personen bei der Verarbeitung personenbezogener Daten, zum freien Datenverkehr und zur Aufhebung der Richtlinie 95\/46\/EG ( Datenschutz-Grundverordnung, U. EU. L. von 2016. Nr. 119, S. 1) &#8211; nachstehend &#8222;DSGVO&#8220; genannt, sowie auf die Bestimmungen des nationalen Rechts, einschlie\u00dflich des [polnischen] Datenschutzgesetzes [ustawa o ochronie danych osobowych] vom 10. Mai 2018.<\/p>\n\n\n\n<h4 class=\"s-dane-przetwarzane wp-block-heading\" id=\"verarbeitete-daten\"><strong><strong>Verarbeitete Daten<\/strong><\/strong><\/h4>\n\n\n\n<p>Wir verarbeiten Daten, die Sie im Rahmen der Nutzung unserer Website angeben oder hinterlassen. Dabei handelt es sich in der Regel um die Daten, die f\u00fcr die Kontaktaufnahme mit uns erforderlich sind, wie z. B. Ihren Namen und Ihre E-Mail-Adresse, die Sie in den Formularen oder in den Fenstern auf unserer Website angeben. Wir verarbeiten auch Daten, die Sie im Rahmen der Navigation auf unserer Website hinterlassen, unter anderem in sog. Cookies. Wir verarbeiten auch andere Daten, die Sie freiwillig in einige der Funktionen, die wir Ihnen zur Verf\u00fcgung stellen, eingeben, z.B. Adressdaten oder detaillierte Kontaktinformationen. Sollten Sie Zweifel \u00fcber den Umfang der erhobenen Daten haben, beachten Sie bitte die Informationen auf den einzelnen Unterseiten. Sie k\u00f6nnen sich auch jederzeit mit Fragen zum Umfang der verarbeiteten Daten an uns wenden.<\/p>\n\n\n\n<h4 class=\"s-administrator wp-block-heading\" id=\"verantwortlicher-fur-personenbezogene-daten\"><strong><strong>Verantwortlicher f\u00fcr personenbezogene Daten<\/strong><\/strong><\/h4>\n\n\n\n<p>Der Verantwortliche f\u00fcr Ihre personenbezogenen Daten ist Conkret Z.R. Trejderowscy Sp.j. mit Sitz in Wielkie Rychnowo, Wielkie Rychnowo, 87-410 Kowalewo Pomorskie, im Unternehmerregister des Amtsgerichts in Toru\u0144 unter der Nummer des Nationalen Gerichtsregisters 0000120366 eingetragen, Steueridentifikationsnummer 8781551809, statistische Nummer (REGON) 871161237, Tel. +48 56 6842400, E-Mail: info@conkret.com.pl (nachstehend auch CONKRET genannt).<\/p>\n\n\n\n<p>Ihre Daten k\u00f6nnen an Rechtssubjekte weitergegeben werden, mit denen wir im Rahmen unserer Gesch\u00e4ftst\u00e4tigkeit zusammenarbeiten, einschlie\u00dflich Unternehmen, die f\u00fcr uns Rechts-, Buchhaltungs-, Personal-, Bank-, Versicherungs-, Eigentumsschutz- und IT-Dienstleistungen erbringen.<\/p>\n\n\n\n<p>Die Empf\u00e4nger Ihrer personenbezogenen Daten werden oder k\u00f6nnen auch Strafverfolgungsbeh\u00f6rden, Gerichte und \u00f6ffentliche Verwaltungsbeh\u00f6rden sein.<\/p>\n\n\n\n<p>Wenn wir Ihre Daten anderen Rechtssubjekten anvertrauen, werden wir Sie unverz\u00fcglich per E-Mail, durch einen Hinweis auf der Website oder durch eine Mitteilung zur \u00c4nderung dieser Datenschutzbestimmungen informieren.<\/p>\n\n\n\n<h4 class=\"s-inspektor wp-block-heading\" id=\"datenschutzbeauftragter\"><strong><strong>Datenschutzbeauftragter<\/strong><\/strong><\/h4>\n\n\n\n<p>Aufgrund der eingef\u00fchrten technischen und organisatorischen Ma\u00dfnahmen haben wir uns entschieden, keinen Datenverantwortlichen in unserem Unternehmen zu benennen. Wenn Sie jedoch Fragen zur Verarbeitung Ihrer personenbezogenen Daten und zur Aus\u00fcbung Ihrer Rechte in Bezug auf diese Verarbeitung haben, wenden Sie sich bitte an uns:<\/p>\n\n\n\n<p>Korrespondenzadresse Conkret Z.R. Trejderowscy Sp.j.., Wielkie Rychnowo, 87-410 Kowalewo Pomorskie.<\/p>\n\n\n\n<p><a href=\"E-Mail: daneosobowe@conkret.com.pl\">E-mail: daneosobowe@conkret.com.pl<\/a><\/p>\n\n\n\n<h4 class=\"s-cele wp-block-heading\" id=\"zweck-und-rechtsgrundlagen-der-verarbeitung\"><strong><strong>Zweck und Rechtsgrundlagen der Verarbeitung<\/strong><\/strong><\/h4>\n\n\n\n<p>Wir verarbeiten Ihre Daten zu den folgenden Zwecken und gem\u00e4\u00df den folgenden Rechtsgrundlagen:<\/p>\n\n\n\n<ol><li>f\u00fcr Zwecke, die sich aus den berechtigten Interessen ergeben, die wir als f\u00fcr die Verarbeitung Verantwortlicher verfolgen (Rechtsgrundlage Artikel 6 Absatz 1 Buchstabe f) DSGVO), d.h.:<br>a. Erbringung von Dienstleistungen f\u00fcr unsere Kunden,<br>b. Entscheidung von Streitigkeiten, Geltendmachung von Forderungen und Bearbeitung von Beschwerden,<br>c. Vermarktung von CONKRET-Dienstleistungen,<br>d. Durchf\u00fchrung analytischer und statistischer T\u00e4tigkeiten,<br>e. Optimierung angebotener Dienstleistungen und Produkte,<br>f. Kundenbetreuung,<br>g. Umfragen zur Kundenzufriedenheit und wie zufrieden unsere Kunden mit den angebotenen Dienstleistungen und Produkten sind,<br>h. Gew\u00e4hrleistung der Informations- und Kommunikationssicherheit im Zusammenhang mit der Website www.conkret.com.pl,<\/li><li>zur Erf\u00fcllung der Vertr\u00e4ge, die wir mit unseren Kunden abschlie\u00dfen, zur Zusammenarbeit mit den Lieferanten und anderen Rechtssubjekten, mit denen CONKRET im Rahmen seiner Gesch\u00e4ftst\u00e4tigkeit zusammenarbeitet (Rechtsgrundlage Artikel 6 Absatz 1 Buchstabe b DSGVO),<\/li><li>zur Erf\u00fcllung unserer rechtlichen Verpflichtungen aus bestimmten Rechtsvorschriften (Rechtsgrundlage Artikel 6 Absatz 1 Buchstabe c) DSGVO),<\/li><li>zum Zwecke der Anwerbung von Personen, die an einer Arbeit f\u00fcr CONKRET interessiert sind oder eine Zusammenarbeit mit CONKRET auf der Grundlage eines zivilrechtlichen Vertrages eingehen (Rechtsgrundlage Artikel 6 Absatz 1 Buchstaben a und c DSGVO),<\/li><li>dar\u00fcber hinaus informieren wir Sie dar\u00fcber, dass wir im Zusammenhang mit unserer Video\u00fcberwachung auf dem Betriebsgel\u00e4nde von CONKRET Ihre personenbezogenen Daten in Form Ihrer Bilder erheben, die zu den Zwecken erhoben werden, die sich aus den von uns, als f\u00fcr die Datenverarbeitung Verantwortlichem, verfolgten berechtigten Interessen ergeben, d.h. die Sicherheit der Mitarbeiter und Kunden von CONKRET und deren Eigentum zu gew\u00e4hrleisten sowie \u00fcber Streitigkeiten zu entscheiden, Forderungen geltendzumachen und Beschwerden zu bearbeiten (Rechtsgrundlage Artikel 6 Absatz 1 Buchstabe f) DSGVO).<\/li><\/ol>\n\n\n\n<h4 class=\"s-dobrowolnosc wp-block-heading\" id=\"freiwilligkeit-der-datenangabe\"><strong><strong>Freiwilligkeit der Datenangabe<\/strong><\/strong><\/h4>\n\n\n\n<p>Die Angabe personenbezogener Daten ist freiwillig, aber bitte beachten Sie, dass die Nichtbereitstellung von Daten, die als erforderlich gekennzeichnet sind, die Beantwortung Ihrer Anfrage oder die Erf\u00fcllung des Vertrags unm\u00f6glich machen wird.<\/p>\n\n\n\n<h4 class=\"s-odbiorcy wp-block-heading\" id=\"empfanger-der-daten\"><strong><strong>Empf\u00e4nger der Daten<\/strong><\/strong><\/h4>\n\n\n\n<p>Wir verarbeiten Daten, die Sie im Rahmen der Nutzung unserer Website angeben oder hinterlassen. Ihre Daten k\u00f6nnen an die oben genannten Stellen, die personenbezogene Daten in unserem Auftrag verarbeiten, weitergegeben werden &#8211; es ist wichtig, dass diese Rechtssubjekte die Daten auf der Grundlage eines Vertrags mit uns und nur in \u00dcbereinstimmung mit unseren Anweisungen verarbeiten. Dar\u00fcber hinaus k\u00f6nnen Ihre Daten auch an Rechtssubjekte weitergegeben werden, die nach geltendem Recht dazu berechtigt sind, z. B. Gerichte oder Strafverfolgungsbeh\u00f6rden, wenn eine solche Beh\u00f6rde ein Ersuchen auf der entsprechenden Rechtsgrundlage stellt (z. B. f\u00fcr die Zwecke eines anh\u00e4ngigen Straf- oder Zivilverfahrens). Ihre Daten k\u00f6nnen in einigen F\u00e4llen, an Empf\u00e4nger in Drittl\u00e4ndern, d. h. in L\u00e4ndern au\u00dferhalb des Europ\u00e4ischen Wirtschaftsraums (Europ\u00e4ische Union + Island, Liechtenstein und Norwegen), \u00fcbermittelt werden, insbesondere wenn dies f\u00fcr die Erbringung von Dienstleistungen f\u00fcr Sie erforderlich ist oder wenn es aus einer anderen Rechtsgrundlage resultiert. Sie werden immer dar\u00fcber informiert, bevor Sie eine Bestellung aufgeben, einen Dienst in Anspruch nehmen oder das Kontaktformular ausf\u00fcllen.<\/p>\n\n\n\n<h4 class=\"s-prawa wp-block-heading\" id=\"rechte-im-zusammenhang-mit-der-verarbeitung-personenbezogener-daten\"><strong><strong>Rechte im Zusammenhang mit der Verarbeitung personenbezogener Daten<\/strong><\/strong><\/h4>\n\n\n\n<p>Sie haben ein Recht auf: <\/p>\n\n\n\n<p>&#8211; Zugang zu Ihren Daten, zum Erhalt einer Kopie Ihrer Daten und das Recht auf Berichtigung Ihrer Daten, <\/p>\n\n\n\n<p>&#8211; jederzeit die L\u00f6schung Ihrer personenbezogenen Daten zu verlangen, <\/p>\n\n\n\n<p>&#8211; die Einschr\u00e4nkung der Verarbeitung Ihrer personenbezogenen Daten zu verlangen, <\/p>\n\n\n\n<p>&#8211; der weiteren Verarbeitung Ihrer Daten zu widersprechen, <\/p>\n\n\n\n<p>&#8211; eine Beschwerde beim Pr\u00e4sidenten des Amtes f\u00fcr den Schutz personenbezogener Daten einzureichen, wenn Sie der Ansicht sind, dass die Verarbeitung Ihrer personenbezogenen Daten gegen das Gesetz verst\u00f6\u00dft.<\/p>\n\n\n\n<p>Werden Ihre Daten auf der Grundlage Ihrer Einwilligung oder im Rahmen der Erbringung einer Dienstleistung verarbeitet, k\u00f6nnen Sie zus\u00e4tzlich Ihr Recht auf Daten\u00fcbertragbarkeit in einem allgemein gebr\u00e4uchlichen Format aus\u00fcben, das beispielsweise den Ausdruck oder die Speicherung in einem Computerspeicher erm\u00f6glicht. Sie k\u00f6nnen diese Daten an einen anderen f\u00fcr die Datenverarbeitung Verantwortlichen \u00fcbermitteln. Bitte beachten Sie, dass Sie das Recht haben, Ihre Einwilligung zur Verarbeitung jederzeit zu widerrufen, ohne dass die G\u00fcltigkeit der auf der Grundlage Ihrer Einwilligung vor dem Widerruf erfolgten Verarbeitung ber\u00fchrt wird. Sie k\u00f6nnen jedes der oben genannten Rechte aus\u00fcben, indem Sie einen entsprechenden schriftlichen Antrag an unsere Adresse senden: Wielkie Rychnowo, 87-410 Kowalewo Pomorskie mit dem Vermerk \u201edane osobowe\u201c (&#8222;personenbezogne Daten&#8220;) oder in elektronischer Form per E-Mail an daneosobowe@conkret.com.pl oder \u00fcber das Kontaktformular im Reiter \u201eKontakt\u201c.<\/p>\n\n\n\n<h4 class=\"s-cookies wp-block-heading\" id=\"informationen-uber-cookies-und-ahnliche-technologien\"><strong><strong>Informationen \u00fcber Cookies und \u00e4hnliche Technologien<\/strong><\/strong><\/h4>\n\n\n\n<p>Das Rechtssubjekt, das Informationen in Form von Cookies und anderen \u00e4hnlichen Technologien auf Ihrem Endger\u00e4t (z.B. Computer, Laptop, Smartphone, Smart TV) platziert und auf diese zugreift, ist Conkret Z.R. Trejderowscy Sp.j., und manchmal auch verarbeitende Unternehmen, die analytische Dienstleistungen erbringen, Werbetreibende, Anwendungsentwickler oder Werbeagenturen. \u00dcber \u00c4nderungen der Anzahl und der Bezeichnung der Rechtssubekte, die Zugriff auf Ihre Daten haben, werden Sie durch \u00c4nderungen der Datenschutzbestimmungen informiert. Zur Erkl\u00e4rung wird darauf hingewiesen, dass es sich bei Cookies um IT-Daten handelt, insbesondere um Textdateien, die auf Ihrem Endger\u00e4t gespeichert werden. Cookies enthalten in der Regel den Namen der Website von der sie stammen, die Dauer ihrer Speicherung auf dem Endger\u00e4t und eine einzigartige Nummer. Cookies werden nicht verwendet, um den Benutzer pers\u00f6nlich zu identifizieren, aber auf ihrer Grundlage k\u00f6nnen Gewohnheiten oder Vorlieben der jeweiligen Person ermittelt werden.<\/p>\n\n\n\n<p>Unsere Website kann ein Cookie in Ihrem Browser ablegen, wenn der Browser dies zul\u00e4sst. Wichtig dabei ist, dass der Browser einer Website nur den Zugriff auf die von dieser Website platzierten Cookies erlaubt und nicht auf die Cookies, die von anderen Websites abgelegt wurden. Wir m\u00f6chten Sie darauf hinweisen, dass wir Cookies und andere \u00e4hnliche Technologien ausschlie\u00dflich zu statistischen Zwecken einsetzen. Wir verwenden zwei Arten von Cookies in Bezug auf die Speicherdauer: &#8211; Sessions-Cookies &#8211; tempor\u00e4re Dateien, die in Ihrem Endger\u00e4t gespeichert werden, bis Sie sich abmelden, die Website und die Anwendung verlassen oder die Software (Webbrowser) ausschalten; &#8211; permanente Cookies &#8211; die in Ihrem Endger\u00e4t f\u00fcr die in den Cookie-Parametern angegebene Dauer oder bis zu ihrer L\u00f6schung durch den Nutzer gespeichert werden. Unter Ber\u00fccksichtigung des Zwecks von Cookies setzen wir die folgenden Arten von Cookies ein: &#8211; Cookies, die f\u00fcr den Betrieb des Dienstes und die Funktionalit\u00e4t der Website erforderlich sind &#8211; Cookies, die die Nutzung unserer Dienste erm\u00f6glichen, wie z. B. Authentifizierungs-Cookies, die f\u00fcr Dienste verwendet werden, die eine Authentifizierung erfordern, &#8211; Dateien zur Gew\u00e4hrleistung der Sicherheit, die beispielsweise zur Entdeckung von Missbrauch bei der Authentifizierung eingesetzt werden, &#8211; Dateien, die Informationen \u00fcber die Nutzungsart der Websites und Funktionalit\u00e4ten erm\u00f6glichen, &#8211; Dateien, die erm\u00f6glichen, sich an die von Ihnen gew\u00e4hlten Einstellungen zu erinnern und Ihre Benutzeroberfl\u00e4che zu personalisieren, z. B. in Bezug auf die von Ihnen gew\u00e4hlte Sprache oder Region aus der Sei stammen, die Schriftgr\u00f6\u00dfe, das Layout der Website usw., &#8211; Werbedateien &#8211; um Ihnen Werbeinhalte zu liefern, die besser auf Ihre Interessen abgestimmt sind, &#8211; statistische Dateien &#8211; um Statistiken \u00fcber Websites und Funktionen zu erstellen, &#8211; Cookies f\u00fcr die Bed\u00fcrfnisse des Google-Analytics-Dienstes (mehr unter https:\/\/www.google.com\/analytics\/).<\/p>\n\n\n\n<h4 class=\"s-czas wp-block-heading\" id=\"dauer-der-datenspeicherung\"><strong><strong>Dauer der Datenspeicherung<\/strong><\/strong><\/h4>\n\n\n\n<p>Wir speichern Ihre Daten, die auf der Grundlage Ihrer Einwilligung erhoben wurden, nur so lange, bis Sie Ihre Einwilligung zu deren Verarbeitung widerrufen. Bei Widerruf der Einwilligung oder nach Ablauf der Aufbewahrungsfrist werden Ihre personenbezogenen Daten von allen Datentr\u00e4gern gel\u00f6scht. Allerdings speichern wir die Daten zu statistischen Zwecken in einer Weise, die eine Identifizierung verhindert \u00fcberr einen Zeitraum von 1 Jahr.<\/p>\n\n\n\n<p>Im Falle von personenbezogenen Daten, die wir zur Verfolgung unserer berechtigten Interessen erhoben haben, werden die Daten von uns verarbeitet, bis diese Interessen erf\u00fcllt sind. Im Falle von personenbezogenen Daten, die im Zusammenhang mit der Erf\u00fcllung eines Vertrages oder in Erf\u00fcllung einer rechtlichen Verpflichtung erhoben wurden, werden die Daten von uns bis zum Ablauf der Verj\u00e4hrungsfristen der Forderungen f\u00fcr vertragliche Anspr\u00fcche oder rechtliche Verpflichtungen verarbeitet.<\/p>\n\n\n\n<h4 class=\"s-profilowanie wp-block-heading\" id=\"kein-profiling\"><strong><strong>Kein Profiling<\/strong><\/strong><\/h4>\n\n\n\n<p>Ihre personenbezogenen Daten werden nicht f\u00fcr ein Profiling als einer Form der automatisierten Verarbeitung personenbezogener Daten verwendet.<\/p>\n\n\n\n<h4 class=\"s-przegladarka wp-block-heading\" id=\"verwaltung-der-browsereinstellungen\"><strong><strong>Verwaltung der Browsereinstellungen<\/strong><\/strong><\/h4>\n\n\n\n<p>In vielen F\u00e4llen erlaubt die Webbrowser-Software (Webbrowser) standardm\u00e4\u00dfig das Speichern von Cookies und anderen \u00e4hnlichen Technologien auf Ihrem Endger\u00e4t. Sie k\u00f6nnen diese Einstellungen jedoch jederzeit \u00e4ndern. Wenn Sie keine \u00c4nderungen vornehmen, bedeutet dies, dass die oben genannten Informationen auf Ihr Endger\u00e4t hochgeladen und dort gespeichert werden k\u00f6nnen und dass wir daher Informationen in Ihrem Endger\u00e4t speichern und auf diese Informationen zugreifen werden. So k\u00f6nnen Sie zum Beispiel Cookies selbst \u00fcber den von Ihnen verwendeten Browser verwalten. In den g\u00e4ngigsten Browsern gibt es u.a. die M\u00f6glichkeit:<\/p>\n\n\n\n<p>&#8211; die Verwendung von Cookies zu akzeptieren, so dass jeder Nutzer die von den Websites angebotenen M\u00f6glichkeiten in vollem Umfang nutzen kann; <\/p>\n\n\n\n<p>&#8211; die Cookies auf der Ebene der einzelnen vom Nutzer ausgew\u00e4hlten Websites zu verwalten; <\/p>\n\n\n\n<p>&#8211; die Einstellungen f\u00fcr die verschiedenen Arten von Cookies festzulegen, z. B. die Annahme von permanenten Cookies als Sessions-Cookies usw.; <\/p>\n\n\n\n<p>&#8211; Cookies zu blockieren oder zu l\u00f6schen.<\/p>\n\n\n\n<p>Umfassende Informationen sind in den Softwareeinstellungen (Webbrowser) verf\u00fcgbar. Informationen f\u00fcr Personen, die bestimmte Webbrowser verwenden, unter anderem: Internet Explorer Mozilla Firefox Chrome Opera usw. Bitte beachten Sie, dass die Einschr\u00e4nkung oder Deaktivierung der Verwendung von Cookies und anderen \u00e4hnlichen Technologien einige der auf unserer Website verf\u00fcgbaren Funktionen beeintr\u00e4chtigen und die M\u00f6glichkeit, die Website auf Ihre Bed\u00fcrfnisse oder Pr\u00e4ferenzen anzupassen, einschr\u00e4nken oder deaktivieren kann. Weitere Informationen zu Cookies und anderen Technologien finden Sie im Hilfebereich des Men\u00fcs Ihres Webbrowsers sowie bei vielen g\u00e4ngigen Internet-Sicherheitsdiensten, die Sie finden k\u00f6nnen, indem Sie den Begriff &#8222;Cookies&#8220; in Ihren Browser eingeben. Wir haben nach bestem Wissen und Gewissen alle gesetzlich und technisch vorgeschriebenen Sicherheits- und Datenschutzma\u00dfnahmen getroffen, und Ihre personenbezogenen Daten werden mit der gebotenen Sorgfalt verarbeitet und vor unbefugtem Zugriff gesch\u00fctzt. \u00c4nderungen an der Datenschutzbestimmungen Diese Datenschutzbestimmungen treten am 25. Mai 2018 in Kraft. Jegliche \u00c4nderungen, die wir in der Zukunft an den Datenschutzbestimmungen vornehmen, werden auf unserer Website ver\u00f6ffentlicht, treten k\u00fcnftig in Kraft und bed\u00fcrfen Ihrer Zustimmung. Sie werden dar\u00fcber benachrichtigt.<\/p>\n","protected":false},"excerpt":{"rendered":"<p>Datenschutzbestimmungen Durch die Nutzung unserer Website und der darauf verf\u00fcgbaren Dienste, Leistungen und Funktionen vertrauen Sie uns Ihre pers\u00f6nlichen Daten an. Im Rahmen bestimmter Dienste oder Funktionen kann es vorkommen, dass Sie diese Daten Rechtssubjekten anvertrauen, mit denen wir direkt oder indirekt zusammenarbeiten, in erster Linie, um Ihnen qualitativ hochwertige Dienste zu bieten, aber auch &hellip; <a href=\"https:\/\/conkret.com.pl\/de\/datenschutz-bestimmungen\/\">Wi\u0119cej<\/a><\/p>\n","protected":false},"author":1,"featured_media":0,"parent":0,"menu_order":0,"comment_status":"closed","ping_status":"closed","template":"views\/privacy.blade.php","meta":{"_acf_changed":false,"inline_featured_image":false,"footnotes":""},"acf":[],"yoast_head":"<!-- This site is optimized with the Yoast SEO plugin v20.9 - https:\/\/yoast.com\/wordpress\/plugins\/seo\/ -->\n<title>Datenschutzbestimmungen - Conkret<\/title>\n<meta name=\"robots\" content=\"index, follow, max-snippet:-1, max-image-preview:large, max-video-preview:-1\" \/>\n<link rel=\"canonical\" href=\"https:\/\/conkret.com.pl\/de\/datenschutz-bestimmungen\/\" \/>\n<meta property=\"og:locale\" content=\"de_DE\" \/>\n<meta property=\"og:type\" content=\"article\" \/>\n<meta property=\"og:title\" content=\"Datenschutzbestimmungen - Conkret\" \/>\n<meta property=\"og:description\" content=\"Datenschutzbestimmungen Durch die Nutzung unserer Website und der darauf verf\u00fcgbaren Dienste, Leistungen und Funktionen vertrauen Sie uns Ihre pers\u00f6nlichen Daten an. Im Rahmen bestimmter Dienste oder Funktionen kann es vorkommen, dass Sie diese Daten Rechtssubjekten anvertrauen, mit denen wir direkt oder indirekt zusammenarbeiten, in erster Linie, um Ihnen qualitativ hochwertige Dienste zu bieten, aber auch &hellip; Wi\u0119cej\" \/>\n<meta property=\"og:url\" content=\"https:\/\/conkret.com.pl\/de\/datenschutz-bestimmungen\/\" \/>\n<meta property=\"og:site_name\" content=\"Conkret\" \/>\n<meta property=\"article:modified_time\" content=\"2022-02-01T13:50:29+00:00\" \/>\n<meta name=\"twitter:card\" content=\"summary_large_image\" \/>\n<meta name=\"twitter:label1\" content=\"Gesch\u00e4tzte Lesezeit\" \/>\n\t<meta name=\"twitter:data1\" content=\"11\u00a0Minuten\" \/>\n<script type=\"application\/ld+json\" class=\"yoast-schema-graph\">{\"@context\":\"https:\/\/schema.org\",\"@graph\":[{\"@type\":\"WebPage\",\"@id\":\"https:\/\/conkret.com.pl\/de\/datenschutz-bestimmungen\/\",\"url\":\"https:\/\/conkret.com.pl\/de\/datenschutz-bestimmungen\/\",\"name\":\"Datenschutzbestimmungen - Conkret\",\"isPartOf\":{\"@id\":\"https:\/\/conkret.com.pl\/#website\"},\"datePublished\":\"2021-12-02T03:42:06+00:00\",\"dateModified\":\"2022-02-01T13:50:29+00:00\",\"breadcrumb\":{\"@id\":\"https:\/\/conkret.com.pl\/de\/datenschutz-bestimmungen\/#breadcrumb\"},\"inLanguage\":\"de\",\"potentialAction\":[{\"@type\":\"ReadAction\",\"target\":[\"https:\/\/conkret.com.pl\/de\/datenschutz-bestimmungen\/\"]}]},{\"@type\":\"BreadcrumbList\",\"@id\":\"https:\/\/conkret.com.pl\/de\/datenschutz-bestimmungen\/#breadcrumb\",\"itemListElement\":[{\"@type\":\"ListItem\",\"position\":1,\"name\":\"Strona g\u0142\u00f3wna\",\"item\":\"https:\/\/conkret.com.pl\/de\/\"},{\"@type\":\"ListItem\",\"position\":2,\"name\":\"Datenschutzbestimmungen\"}]},{\"@type\":\"WebSite\",\"@id\":\"https:\/\/conkret.com.pl\/#website\",\"url\":\"https:\/\/conkret.com.pl\/\",\"name\":\"Conkret\",\"description\":\"Bau-, Industrie- und Agrarfolie\",\"potentialAction\":[{\"@type\":\"SearchAction\",\"target\":{\"@type\":\"EntryPoint\",\"urlTemplate\":\"https:\/\/conkret.com.pl\/?s={search_term_string}\"},\"query-input\":\"required name=search_term_string\"}],\"inLanguage\":\"de\"}]}<\/script>\n<!-- \/ Yoast SEO plugin. -->","yoast_head_json":{"title":"Datenschutzbestimmungen - Conkret","robots":{"index":"index","follow":"follow","max-snippet":"max-snippet:-1","max-image-preview":"max-image-preview:large","max-video-preview":"max-video-preview:-1"},"canonical":"https:\/\/conkret.com.pl\/de\/datenschutz-bestimmungen\/","og_locale":"de_DE","og_type":"article","og_title":"Datenschutzbestimmungen - Conkret","og_description":"Datenschutzbestimmungen Durch die Nutzung unserer Website und der darauf verf\u00fcgbaren Dienste, Leistungen und Funktionen vertrauen Sie uns Ihre pers\u00f6nlichen Daten an. Im Rahmen bestimmter Dienste oder Funktionen kann es vorkommen, dass Sie diese Daten Rechtssubjekten anvertrauen, mit denen wir direkt oder indirekt zusammenarbeiten, in erster Linie, um Ihnen qualitativ hochwertige Dienste zu bieten, aber auch &hellip; Wi\u0119cej","og_url":"https:\/\/conkret.com.pl\/de\/datenschutz-bestimmungen\/","og_site_name":"Conkret","article_modified_time":"2022-02-01T13:50:29+00:00","twitter_card":"summary_large_image","twitter_misc":{"Gesch\u00e4tzte Lesezeit":"11\u00a0Minuten"},"schema":{"@context":"https:\/\/schema.org","@graph":[{"@type":"WebPage","@id":"https:\/\/conkret.com.pl\/de\/datenschutz-bestimmungen\/","url":"https:\/\/conkret.com.pl\/de\/datenschutz-bestimmungen\/","name":"Datenschutzbestimmungen - Conkret","isPartOf":{"@id":"https:\/\/conkret.com.pl\/#website"},"datePublished":"2021-12-02T03:42:06+00:00","dateModified":"2022-02-01T13:50:29+00:00","breadcrumb":{"@id":"https:\/\/conkret.com.pl\/de\/datenschutz-bestimmungen\/#breadcrumb"},"inLanguage":"de","potentialAction":[{"@type":"ReadAction","target":["https:\/\/conkret.com.pl\/de\/datenschutz-bestimmungen\/"]}]},{"@type":"BreadcrumbList","@id":"https:\/\/conkret.com.pl\/de\/datenschutz-bestimmungen\/#breadcrumb","itemListElement":[{"@type":"ListItem","position":1,"name":"Strona g\u0142\u00f3wna","item":"https:\/\/conkret.com.pl\/de\/"},{"@type":"ListItem","position":2,"name":"Datenschutzbestimmungen"}]},{"@type":"WebSite","@id":"https:\/\/conkret.com.pl\/#website","url":"https:\/\/conkret.com.pl\/","name":"Conkret","description":"Bau-, Industrie- und Agrarfolie","potentialAction":[{"@type":"SearchAction","target":{"@type":"EntryPoint","urlTemplate":"https:\/\/conkret.com.pl\/?s={search_term_string}"},"query-input":"required name=search_term_string"}],"inLanguage":"de"}]}},"_links":{"self":[{"href":"https:\/\/conkret.com.pl\/de\/wp-json\/wp\/v2\/pages\/2538"}],"collection":[{"href":"https:\/\/conkret.com.pl\/de\/wp-json\/wp\/v2\/pages"}],"about":[{"href":"https:\/\/conkret.com.pl\/de\/wp-json\/wp\/v2\/types\/page"}],"author":[{"embeddable":true,"href":"https:\/\/conkret.com.pl\/de\/wp-json\/wp\/v2\/users\/1"}],"replies":[{"embeddable":true,"href":"https:\/\/conkret.com.pl\/de\/wp-json\/wp\/v2\/comments?post=2538"}],"version-history":[{"count":4,"href":"https:\/\/conkret.com.pl\/de\/wp-json\/wp\/v2\/pages\/2538\/revisions"}],"predecessor-version":[{"id":3275,"href":"https:\/\/conkret.com.pl\/de\/wp-json\/wp\/v2\/pages\/2538\/revisions\/3275"}],"wp:attachment":[{"href":"https:\/\/conkret.com.pl\/de\/wp-json\/wp\/v2\/media?parent=2538"}],"curies":[{"name":"wp","href":"https:\/\/api.w.org\/{rel}","templated":true}]}}