{"id":2537,"date":"2021-12-02T04:42:06","date_gmt":"2021-12-02T03:42:06","guid":{"rendered":"http:\/\/newpage.conkret.com.pl\/dane-osobowe\/"},"modified":"2022-02-01T14:48:41","modified_gmt":"2022-02-01T13:48:41","slug":"privacy-policy","status":"publish","type":"page","link":"https:\/\/conkret.com.pl\/en\/privacy-policy\/","title":{"rendered":"Privacy policy"},"content":{"rendered":"\n<h4 class=\"s-polityka-prywatnosci wp-block-heading\" id=\"polityka-prywatnosci\"><strong>Polityka prywatno\u015bci<\/strong><\/h4>\n\n\n\n<p>Korzystaj\u0105c z naszej strony internetowej i dost\u0119pnych na niej serwis\u00f3w, us\u0142ug i funkcjonalno\u015bci, powierzasz nam swoje dane osobowe. W ramach poszczeg\u00f3lnych us\u0142ug lub funkcjonalno\u015bci mo\u017ce si\u0119 zdarzy\u0107, \u017ce powierzysz je podmiotom, z kt\u00f3rymi wsp\u00f3\u0142pracujemy bezpo\u015brednio lub po\u015brednio, przede wszystkim w ramach zapewnienia Pa\u0144stwu Us\u0142ug na najwy\u017cszym poziomie, ale r\u00f3wnie\u017c w ramach dzia\u0142a\u0144 marketingowych. Celem niniejszej Polityki jest poinformowanie Pa\u0144stwa jakie dane zbieramy, w jakim celu, na jakiej podstawie i do czego mo\u017cemy je wykorzystywa\u0107. Wszystkie informacje zawarte w niniejszej Polityce maj\u0105 znaczenie dla ochrony Pa\u0144stwa praw i wolno\u015bci, dlatego prosimy aby\u015bcie Pa\u0144stwo zapoznali si\u0119 z tre\u015bci\u0105 tego dokumentu. <\/p>\n\n\n\n<p>Przetwarzaj\u0105c Pa\u0144stwa dane opieramy si\u0119 o przepisach prawa, w szczeg\u00f3lno\u015bci przepisach rozporz\u0105dzenia Parlamentu Europejskiego i Rady (UE) 2016\/679 z 27.04.2016 r. w sprawie ochrony os\u00f3b fizycznych w zwi\u0105zku z przetwarzaniem danych osobowych i w sprawie swobodnego przep\u0142ywu takich danych oraz uchylenia dyrektywy 95\/46\/WE (og\u00f3lne rozporz\u0105dzenie o ochronie danych, Dz. U. UE. L. z 2016 r. Nr 119, str. 1) \u2013 zwanego dalej RODO, jak r\u00f3wnie\u017c przepisach prawa krajowego, w tym ustawy z dnia 10 maja 2018 r. o ochronie danych osobowych.<\/p>\n\n\n\n<h4 class=\"s-dane-przetwarzane wp-block-heading\" id=\"dane-przetwarzane\"><strong>Dane przetwarzane<\/strong><\/h4>\n\n\n\n<p>Przetwarzamy dane, kt\u00f3re Pa\u0144stwo podaj\u0105 lub pozostawiaj\u0105 w ramach korzystania z naszej strony. B\u0119d\u0105 to najcz\u0119\u015bciej dane niezb\u0119dne do kontaktu z nami i, np. Pa\u0144stwa imi\u0119 i nazwisko i adres e-mail, przekazane w ramach formularzy lub okien dost\u0119pnych na naszej stronie. Przetwarzamy r\u00f3wnie\u017c dane, kt\u00f3re pozostawiasz w ramach poruszania si\u0119 po naszej stronie, m.in. te, kt\u00f3re pozostawiasz w tzw. plikach cookies. Przetwarzamy r\u00f3wnie\u017c inne dane, kt\u00f3re Pa\u0144stwo sami dobrowolnie zamieszczaj\u0105 w niekt\u00f3rych udost\u0119pnianych Pa\u0144stwu przez nas funkcjonalno\u015bci, np. dane adresowe lub szczeg\u00f3\u0142owe dane kontaktowe. W razie w\u0105tpliwo\u015bci co do zakresu zbieranych danych, zapoznaj si\u0119 z informacjami umieszczanymi na ka\u017cdej podstronie, jak r\u00f3wnie\u017c mo\u017cesz w ka\u017cdym czasie zwr\u00f3ci\u0107 si\u0119 do nas z pytaniem o zakres przetwarzanych danych.<\/p>\n\n\n\n<h4 class=\"s-administrator wp-block-heading\" id=\"administrator-danych-osobowych\"><strong>Administrator Danych Osobowych<\/strong><\/h4>\n\n\n\n<p>Administratorem Pa\u0144stwa danych osobowych jest Conkret Z.R. Trejderowscy Sp.j. z siedzib\u0105 w Wielkim Rychnowie, Wielkie Rychnowo, 87-410 Kowalewo Pomorskie, wpisana do rejestru przedsi\u0119biorc\u00f3w przez S\u0105d Rejonowy w Toruniu pod numerem KRS 0000120366, NIP 8781551809, REGON 871161237, tel. +48 56 6842400, e-mail: info@conkret.com.pl (dalej r\u00f3wnie\u017c jako CONKRET). <\/p>\n\n\n\n<p>Pa\u0144stwa dane mog\u0105 by\u0107 przekazywane podmiotom, z kt\u00f3rymi wsp\u00f3\u0142pracujemy w ramach prowadzonej przez nas dzia\u0142alno\u015bci gospodarczej, w tym podmiotom \u015bwiadcz\u0105cym na nasz\u0105 rzecz obs\u0142ug\u0119 prawn\u0105, ksi\u0119gow\u0105, kadrow\u0105, bankow\u0105, ubezpieczeniow\u0105, ochrony mienia i informatyczn\u0105. <\/p>\n\n\n\n<p>Odbiorc\u0105 Pa\u0144stwa danych osobowych b\u0119d\u0105 lub mog\u0105 by\u0107 r\u00f3wnie\u017c organy \u015bcigania, s\u0105dy oraz organy administracji publicznej. <\/p>\n\n\n\n<p>Je\u017celi dojdzie do powierzenia Pa\u0144stwa danych innym podmiotom, niezw\u0142ocznie Pa\u0144stwa o tym poinformujemy w formie wiadomo\u015bci elektronicznej, komunikat na stronie internetowej lub informacj\u0119 o zmianie tre\u015bci niniejszej Polityki.<\/p>\n\n\n\n<h4 class=\"s-inspektor wp-block-heading\" id=\"inspektor-danych-osobowych\"><strong>Inspektor Danych Osobowych<\/strong><\/h4>\n\n\n\n<p>Z uwagi na wdro\u017cone \u015brodki techniczne i organizacyjne nie zdecydowali\u015bmy si\u0119 na powo\u0142anie inspektora danych osobowych w naszej firmie. Jednak\u017ce w razie jakichkolwiek pyta\u0144 dotycz\u0105cych przetwarzania danych osobowych oraz korzystania z praw zwi\u0105zanych z tym przetwarzaniem prosimy o kontakt: <\/p>\n\n\n\n<p>Adres korespondencyjny: Conkret Z.R. Trejderowscy Sp.j.., Wielkie Rychnowo, 87-410 Kowalewo Pomorskie. <\/p>\n\n\n\n<p>E-mail: daneosobowe@conkret.com.pl<\/p>\n\n\n\n<h4 class=\"s-cele wp-block-heading\" id=\"cele-i-podstawy-prawne-przetwarzania\"><strong>Cele i podstawy prawne przetwarzania<\/strong><\/h4>\n\n\n\n<p>Przetwarzamy Pa\u0144stwa dane w nast\u0119puj\u0105cych celach i zgodnie z nast\u0119puj\u0105cymi podstawami prawnymi:<\/p>\n\n\n\n<ol><li>w celach wynikaj\u0105cych z prawnie uzasadnionych interes\u00f3w realizowanych przez nas jako administratora danych(podstawa prawna art. 6 ust. 1 lit. f RODO), tj. w celu: <br><br>a. \u015bwiadczenia us\u0142ug na rzecz swoich Klient\u00f3w, <br><br>b. rozstrzygania spor\u00f3w, dochodzenia roszcze\u0144 i rozpatrywania reklamacji, <br><br>c. marketingu us\u0142ug CONKRET, <br><br>d. prowadzenia czynno\u015bci analitycznych i statystycznych, <br><br>e. optymalizacji oferowanych us\u0142ug i produkt\u00f3w, <br><br>f. obs\u0142ugi Klient\u00f3w, <br><br>g. badania satysfakcji Klient\u00f3w oraz poziomu zadowolenia naszych Klient\u00f3w z oferowanych us\u0142ugi i produkt\u00f3w, <br><br>h. zapewnienia bezpiecze\u0144stwa teleinformatycznego zwi\u0105zanego z witryn\u0105 www.conkret.com.pl, <\/li><li>w celu wykonania um\u00f3w zawieranych przez nas z Klientami, w celu wsp\u00f3\u0142pracy z dostawcami i innymi podmiotami, z kt\u00f3rymi CONKRET wsp\u00f3\u0142pracuje w ramach prowadzonej dzia\u0142alno\u015bci (podstawa prawna art. 6 ust. 1 lit. b RODO), <\/li><li>w celu realizacji obowi\u0105zku prawnego ci\u0105\u017c\u0105cego na nas wynikaj\u0105cego z poszczeg\u00f3lnych przepis\u00f3w prawnych (podstawa prawna art. 6 ust. 1 lit. c RODO), <\/li><li>w celu prowadzenia rekrutacji os\u00f3b zainteresowanych prac\u0105 w CONKRET lub nawi\u0105zaniu wsp\u00f3\u0142pracy z CONKRET na podstawie umowy cywilnoprawnej (podstawa prawna art. 6 ust. 1 lit. a i c RODO), <\/li><li>ponadto, w zwi\u0105zku z prowadzeniem przez nas monitoringu wizyjnego na terenie zak\u0142adu CONKRET, informujemy, \u017ce zbieramy Pa\u0144stwa dane osobowe w postaci Pa\u0144stwa wizerunku, kt\u00f3re s\u0105 zbierane w celach wynikaj\u0105cych z prawnie uzasadnionych interes\u00f3w realizowanych przez nas jako administratora danych, tj. zapewnienia bezpiecze\u0144stwa pracownik\u00f3w i Klient\u00f3w CONKRET oraz ich mienia oraz rozstrzygania spor\u00f3w, dochodzenia roszcze\u0144 i rozpatrywania reklamacji (podstawa prawna art. 6 ust. 1 lit. f RODO).<\/li><\/ol>\n\n\n\n<h4 class=\"s-dobrowolnosc wp-block-heading\" id=\"dobrowolnosc-podania-danych\"><strong>Dobrowolno\u015b\u0107 podania danych<\/strong><\/h4>\n\n\n\n<p>Udost\u0119pnienie danych osobowych jest dobrowolne, prosz\u0119 jednak pami\u0119ta\u0107, i\u017c w niepodanie danych oznaczonych jako niezb\u0119dne uniemo\u017cliwi odpowied\u017a na Pa\u0144stwa zapytanie lub uniemo\u017cliwi wykonanie umowy.<\/p>\n\n\n\n<h4 class=\"s-odbiorcy wp-block-heading\" id=\"odbiorcy-danych\"><strong>Odbiorcy danych<\/strong><\/h4>\n\n\n\n<p>Przetwarzamy dane, kt\u00f3re Pa\u0144stwo podaj\u0105 lub pozostawiaj\u0105 w ramach korzystania z naszej strony. B\u0119d\u0105 to Pa\u0144stwa dane mog\u0105 by\u0107 przekazywane podmiotom przetwarzaj\u0105cym dane osobowe na nasze zlecenie, zgodnie z powy\u017csz\u0105 list\u0105 \u2013 wa\u017cne jest, \u017ce te podmioty przetwarzaj\u0105 dane na podstawie umowy z nami i wy\u0142\u0105cznie zgodnie z naszymi poleceniami. Ponadto Pa\u0144stwa dane mog\u0105 by\u0107 r\u00f3wnie\u017c przekazane podmiotom uprawnionym do ich uzyskania na podstawie obowi\u0105zuj\u0105cych przepis\u00f3w prawa np. s\u0105dom lub organom \u015bcigania w razie zg\u0142oszenia przez organ \u017c\u0105dania na odpowiedniej podstawie prawnej (np. dla potrzeb tocz\u0105cego si\u0119 post\u0119powania karnego lub cywilnego). Pa\u0144stwa dane mog\u0105 by\u0107, w niekt\u00f3rych przypadkach przekazywane do odbiorc\u00f3w z pa\u0144stw trzecich tj. z pa\u0144stw spoza Europejskiego Obszaru Gospodarczego (Unia Europejska + Islandia, Liechtenstein i Norwegia), w szczeg\u00f3lno\u015bci je\u017celi b\u0119dzie to niezb\u0119dne dla \u015bwiadczenia us\u0142ug na Pa\u0144stwa rzecz lub je\u017celi b\u0119dzie to wynika\u0142o z innej podstawy prawnej. Ka\u017cdorazowo informacje o takiej konieczno\u015bci znajd\u0105 Pa\u0144stwo przed z\u0142o\u017ceniem zam\u00f3wienia, rozpocz\u0119ciem \u015bwiadczenia us\u0142ug lub wype\u0142nieniem formularza kontaktowego.<\/p>\n\n\n\n<h4 class=\"s-prawa wp-block-heading\" id=\"prawa-zwiazane-z-przetwarzaniem-danych-osobowych\"><strong>Prawa zwi\u0105zane z przetwarzaniem danych osobowych<\/strong><\/h4>\n\n\n\n<p>Przys\u0142uguje Pa\u0144stwu prawo do: <\/p>\n\n\n\n<p>&#8211; dost\u0119pu do Pa\u0144stwa danych, uzyskania kopii danych oraz prawo ich sprostowania, <\/p>\n\n\n\n<p>&#8211; \u017c\u0105dania usuni\u0119cia Pa\u0144stwa danych osobowych w ka\u017cdym czasie, <\/p>\n\n\n\n<p>&#8211; \u017c\u0105dania ograniczenia przetwarzania Pa\u0144stwa danych osobowych, <\/p>\n\n\n\n<p>&#8211; wniesienia sprzeciwu wobec dalszego przetwarzania danych, <\/p>\n\n\n\n<p>&#8211; wniesienia skargi do Prezesa Urz\u0119du Ochrony Danych Osobowych, gdy uznaj\u0105 Pa\u0144stwo, i\u017c przetwarzanie Pa\u0144stwa danych osobowych narusza prawo. <\/p>\n\n\n\n<p>Je\u017celi Pa\u0144stwa dane s\u0105 przetwarzane na podstawie zgody lub w ramach realizacji \u015bwiadczonej us\u0142ugi, mog\u0105 Pa\u0144stwo dodatkowo skorzysta\u0107 z prawa przenoszenia danych w powszechnie u\u017cywanym formacie pozwalaj\u0105cym np. na wydrukowanie lub zapisanie w pami\u0119ci komputera. Mog\u0105 Pa\u0144stwo przes\u0142a\u0107 te dane innemu administratorowi danych. Prosz\u0119 pami\u0119ta\u0107, \u017ce udzielon\u0105 zgod\u0119 na przetwarzanie maj\u0105 Pa\u0144stwo prawo cofn\u0105\u0107 w ka\u017cdym czasie bez wp\u0142ywu na wa\u017cno\u015b\u0107 przetwarzania dokonanego na podstawie zgody przed jej cofni\u0119ciem. Ka\u017cde z uprawnieniach wymienionych powy\u017cej mog\u0105 Pa\u0144stwo zrealizowa\u0107 poprzez przes\u0142anie odpowiedniego wniosku w formie pisemnej na nasz adres: Wielkie Rychnowo, 87-410 Kowalewo Pomorskie z dopiskiem &#8220;dane osobowe&#8221; lub w formie elektronicznej poprzez przes\u0142anie wiadomo\u015bci e-mail na adres daneosobowe@conkret.com.pl albo korzystaj\u0105c z formularza kontaktowego w zak\u0142adce Kontakt.<\/p>\n\n\n\n<h4 class=\"s-cookies wp-block-heading\" id=\"informacja-o-plikach-cookies-i-podobnych-technologiach\"><strong>Informacja o plikach \u201ecookies\u201d i podobnych technologiach<\/strong><\/h4>\n\n\n\n<p>Podmiotem zamieszczaj\u0105cym informacje w formie plik\u00f3w cookies (tzw. ciasteczek) i innych podobnych technologii w Pa\u0144stwa urz\u0105dzeniu ko\u0144cowym (np. komputerze, laptopie, smartfonie, telewizorze z technologi\u0105 smart) oraz uzyskuj\u0105cym do nich dost\u0119p jest Conkret Z.R. Trejderowscy Sp.j., a czasami podmioty przetwarzaj\u0105ce \u015bwiadcz\u0105ce us\u0142ugi analityczne, reklamodawcy, tw\u00f3rcy aplikacji lub agencje reklamowe. O zmianach co do liczby i oznaczenia podmiot\u00f3w maj\u0105cych dost\u0119p do Pa\u0144stwa danych b\u0119d\u0105 Pa\u0144stwo informowani poprzez zmiany w Polityce prywatno\u015bci. Jedynie dla wyja\u015bnienia nale\u017cy wskaza\u0107, \u017ce pliki cookies stanowi\u0105 dane informatyczne, w szczeg\u00f3lno\u015bci pliki tekstowe, kt\u00f3re przechowywane s\u0105 w Pa\u0144stwa urz\u0105dzeniu ko\u0144cowym. Cookies zazwyczaj zawieraj\u0105 nazw\u0119 domeny serwisu internetowego, z kt\u00f3rego pochodz\u0105, czas przechowywania ich na urz\u0105dzeniu ko\u0144cowym oraz unikalny numer. Pliki cookies nie s\u0142u\u017c\u0105 identyfikacji u\u017cytkownika i na ich podstawie nie jest ustalana to\u017csamo\u015b\u0107 u\u017cytkownika, jednak\u017ce na ich podstawie mo\u017cna ustali\u0107 zwyczaje lub preferencje danej osoby. <\/p>\n\n\n\n<p>Nasza strona internetowa mo\u017ce umie\u015bci\u0107 plik cookie w przegl\u0105darce, je\u015bli przegl\u0105darka to umo\u017cliwia. Co wa\u017cne, przegl\u0105darka zezwala stronie internetowej na dost\u0119p jedynie do plik\u00f3w cookies umieszczonych przez t\u0119 stron\u0119, a nie do plik\u00f3w umieszczonych przez inne strony internetowe. Chcemy poinformowa\u0107 Pa\u0144stwa, \u017ce korzystamy z plik\u00f3w cookies i innych podobnych technologii jedynie w celach statystycznych. <\/p>\n\n\n\n<p>Stosujemy dwa rodzaje plik\u00f3w cookies z uwagi na czas przechowywania: <\/p>\n\n\n\n<p>sesyjne &#8211; pliki tymczasowe przechowywane w Pa\u0144stwa urz\u0105dzeniu ko\u0144cowym do czasu wylogowania, opuszczenia strony internetowej i aplikacji lub wy\u0142\u0105czenia oprogramowania (przegl\u0105darki internetowej); <\/p>\n\n\n\n<p>sta\u0142e &#8211; przechowywane w Pa\u0144stwa urz\u0105dzeniu ko\u0144cowym przez czas okre\u015blony w parametrach plik\u00f3w cookies lub do czasu ich usuni\u0119cia przez U\u017cytkownika. <\/p>\n\n\n\n<p>Natomiast bior\u0105c pod uwag\u0119 cel, kt\u00f3remu s\u0142u\u017c\u0105 pliki cookies, stosujemy nast\u0119puj\u0105ce rodzaje plik\u00f3w: <\/p>\n\n\n\n<p>niezb\u0119dne do dzia\u0142ania us\u0142ugi i funkcjonalno\u015bci strony &#8211; umo\u017cliwiaj\u0105ce korzystanie z naszych us\u0142ug, np. uwierzytelniaj\u0105ce pliki cookies wykorzystywane do us\u0142ug wymagaj\u0105cych uwierzytelniania; <\/p>\n\n\n\n<p>pliki s\u0142u\u017c\u0105ce do zapewnienia bezpiecze\u0144stwa, np. wykorzystywane do wykrywania nadu\u017cy\u0107 w zakresie uwierzytelniania; <\/p>\n\n\n\n<p>pliki umo\u017cliwiaj\u0105ce zbieranie informacji o sposobie korzystania ze stron internetowych i funkcjonalno\u015bci; <\/p>\n\n\n\n<p>pliki umo\u017cliwiaj\u0105ce &#8220;zapami\u0119tanie&#8221; wybranych przez Ciebie ustawie\u0144 i personalizacj\u0119 interfejsu u\u017cytkownika, np. w zakresie wybranego j\u0119zyka lub regionu, z kt\u00f3rego pochodzisz, rozmiaru czcionki, wygl\u0105du strony internetowej itp.; <\/p>\n\n\n\n<p>pliki reklamowe &#8211; umo\u017cliwiaj\u0105ce dostarczanie tre\u015bci reklamowych bardziej dostosowanych do Twoich zainteresowa\u0144; <\/p>\n\n\n\n<p>pliki statystyczne &#8211; s\u0142u\u017c\u0105ce do zliczana statystyk dotycz\u0105cych stron internetowych i funkcjonalno\u015bci; pliki na potrzeby us\u0142uga Google Analytics (wi\u0119cej pod adresem https:\/\/www.google.com\/analytics\/).<\/p>\n\n\n\n<h4 class=\"s-czas wp-block-heading\" id=\"czas-przechowywania-danych\"><strong>Czas przechowywania danych<\/strong><\/h4>\n\n\n\n<p>Pa\u0144stwa dane, zebrane na podstawie Pa\u0144stwa zgody, przechowujemy nie d\u0142u\u017cej ni\u017c do chwili cofni\u0119cia przez Pa\u0144stwa zgody na ich przetwarzanie. Po cofni\u0119ciu zgody lub po up\u0142ywie okresu przechowywania Pa\u0144stwa dane osobowe zostan\u0105 usuni\u0119te z wszelkich no\u015bnik\u00f3w danych. Natomiast dane w celach statystycznych, w spos\u00f3b uniemo\u017cliwiaj\u0105cy identyfikacj\u0119, przechowujemy przez okres 1 roku. <\/p>\n\n\n\n<p>W przypadku danych osobowych zebranych przez nas w celu zrealizowania prawnie uzasadnionych naszych interes\u00f3w, dane te b\u0119d\u0105 przez nas przetwarzane do czasu zrealizowania tych interes\u00f3w. W przypadku danych osobowych zebranych w zwi\u0105zku z wykonywaniem umowy lub w wykonaniu obowi\u0105zku wynikaj\u0105cego z przepis\u00f3w prawa, dane te b\u0119d\u0105 przez nas przetwarzane do czasu up\u0142ywu termin\u00f3w przedawnienia roszcze\u0144 zwi\u0105zanych z umow\u0105 lub obowi\u0105zk\u00f3w wynikaj\u0105cych z przepis\u00f3w prawa.<\/p>\n\n\n\n<h4 class=\"s-profilowanie wp-block-heading\" id=\"brak-profilowania\"><strong>Brak profilowania<\/strong><\/h4>\n\n\n\n<p>Pa\u0144stwa dane osobowe nie s\u0105 wykorzystywane do profilowania jako jednej z form zautomatyzowanego przetwarzania danych osobowych.<\/p>\n\n\n\n<h4 class=\"s-przegladarka wp-block-heading\" id=\"zarzadzanie-ustawieniami-przegladarki\"><strong>Zarz\u0105dzanie ustawieniami przegl\u0105darki<\/strong><\/h4>\n\n\n\n<p>W wielu przypadkach oprogramowanie s\u0142u\u017c\u0105ce do przegl\u0105dania stron internetowych (przegl\u0105darka internetowa) domy\u015blnie dopuszcza przechowywanie informacji w formie plik\u00f3w cookies i innych podobnych technologii w Pa\u0144stwa urz\u0105dzeniu ko\u0144cowym. Mog\u0105 Pa\u0144stwo jednak w ka\u017cdym czasie dokona\u0107 zmiany tych ustawie\u0144. Niedokonanie zmian oznacza, \u017ce w\/w informacje mog\u0105 by\u0107 zamieszczane i przechowywane w Pa\u0144stwa urz\u0105dzeniu ko\u0144cowym, a tym samym, \u017ce b\u0119dziemy przechowywa\u0107 informacje w Pa\u0144stwa urz\u0105dzeniu ko\u0144cowym i uzyskiwa\u0107 dost\u0119p do tych informacji. Z poziomu przegl\u0105darki internetowej, z kt\u00f3rej korzystasz mo\u017cliwe jest np. samodzielne zarz\u0105dzanie plikami cookies. W najpopularniejszych przegl\u0105darkach istnieje m.in. mo\u017cliwo\u015b\u0107: <\/p>\n\n\n\n<p>&#8211; zaakceptowania obs\u0142ugi cookies, co pozwala ka\u017cdemu u\u017cytkownikowi na pe\u0142ne korzystanie z opcji oferowanych przez witryny internetowe; <\/p>\n\n\n\n<p>&#8211; zarz\u0105dzania plikami cookies na poziomie pojedynczych, wybranych przez u\u017cytkownika witryn; <\/p>\n\n\n\n<p>&#8211; okre\u015blania ustawie\u0144 dla r\u00f3\u017cnych typ\u00f3w plik\u00f3w cookie, na przyk\u0142ad akceptowania plik\u00f3w sta\u0142ych jako sesyjnych itp.; <\/p>\n\n\n\n<p>&#8211; blokowania lub usuwania cookies. <\/p>\n\n\n\n<p>Kompleksowe informacje dost\u0119pne s\u0105 w ustawieniach oprogramowania (przegl\u0105darki internetowej). Szczeg\u00f3\u0142y dla os\u00f3b korzystaj\u0105cych z poszczeg\u00f3lnych przegl\u0105darek internetowych, m.in.: Internet Explorer Mozilla Firefox Chrome Opera Itp. <\/p>\n\n\n\n<p>Informujemy, \u017ce ograniczenia b\u0105d\u017a wy\u0142\u0105czenia stosowania plik\u00f3w cookies i innych podobnych technologii mog\u0105 wp\u0142yn\u0105\u0107 na niekt\u00f3re funkcjonalno\u015bci dost\u0119pne na naszej stronie i mog\u0105 ograniczy\u0107 lub wy\u0142\u0105czy\u0107 mo\u017cliwo\u015b\u0107 dopasowania strony do Pa\u0144stwa potrzeb lub preferencji. Dodatkowe informacje na temat plik\u00f3w cookies i innych technologii mo\u017cna znale\u017a\u0107 w sekcji Pomoc w menu przegl\u0105darki internetowej, jak r\u00f3wnie\u017c w wielu popularnych serwisach dotycz\u0105cych bezpiecze\u0144stwa internetowego, kt\u00f3re odnajdziesz z poziomu wyszukiwarki internetowej wpisuj\u0105c fraz\u0119 \u201epliki cookies\u201d. Wedle naszej najlepszej wiedzy wdro\u017cyli\u015bmy wszelkie \u015brodki bezpiecze\u0144stwa i ochrony danych wymagane przez przepisy prawa i standardy techniczne, za\u015b Pa\u0144stwa dane osobowe s\u0105 przetwarzane z nale\u017cyt\u0105 staranno\u015bci\u0105 i odpowiednio chronione przed dost\u0119pem do nich przez osoby do tego nieupowa\u017cnione. Zmiany Polityki Prywatno\u015bci Niniejsza Polityka Prywatno\u015bci wchodzi w \u017cycie w dniu 25 maja 2018 r. Wszelkie zmiany wprowadzone przez nas do Polityki Prywatno\u015bci w przysz\u0142o\u015bci b\u0119d\u0105 opublikowane na naszej stronie internetowej, b\u0119d\u0105 obowi\u0105zywa\u0107 na przysz\u0142o\u015b\u0107 i b\u0119d\u0105 wymaga\u0142y Pa\u0144stwa akceptacji, o czym zostan\u0105 Pa\u0144stwo powiadomieni.<\/p>\n","protected":false},"excerpt":{"rendered":"<p>Polityka prywatno\u015bci Korzystaj\u0105c z naszej strony internetowej i dost\u0119pnych na niej serwis\u00f3w, us\u0142ug i funkcjonalno\u015bci, powierzasz nam swoje dane osobowe. W ramach poszczeg\u00f3lnych us\u0142ug lub funkcjonalno\u015bci mo\u017ce si\u0119 zdarzy\u0107, \u017ce powierzysz je podmiotom, z kt\u00f3rymi wsp\u00f3\u0142pracujemy bezpo\u015brednio lub po\u015brednio, przede wszystkim w ramach zapewnienia Pa\u0144stwu Us\u0142ug na najwy\u017cszym poziomie, ale r\u00f3wnie\u017c w ramach dzia\u0142a\u0144 marketingowych. &hellip; <a href=\"https:\/\/conkret.com.pl\/en\/privacy-policy\/\">Wi\u0119cej<\/a><\/p>\n","protected":false},"author":1,"featured_media":0,"parent":0,"menu_order":0,"comment_status":"closed","ping_status":"closed","template":"views\/privacy.blade.php","meta":{"_acf_changed":false,"inline_featured_image":false,"footnotes":""},"acf":[],"yoast_head":"<!-- This site is optimized with the Yoast SEO plugin v20.9 - https:\/\/yoast.com\/wordpress\/plugins\/seo\/ -->\n<title>Privacy policy - Conkret<\/title>\n<meta name=\"robots\" content=\"index, follow, max-snippet:-1, max-image-preview:large, max-video-preview:-1\" \/>\n<link rel=\"canonical\" href=\"https:\/\/conkret.com.pl\/en\/privacy-policy\/\" \/>\n<meta property=\"og:locale\" content=\"en_US\" \/>\n<meta property=\"og:type\" content=\"article\" \/>\n<meta property=\"og:title\" content=\"Privacy policy - Conkret\" \/>\n<meta property=\"og:description\" content=\"Polityka prywatno\u015bci Korzystaj\u0105c z naszej strony internetowej i dost\u0119pnych na niej serwis\u00f3w, us\u0142ug i funkcjonalno\u015bci, powierzasz nam swoje dane osobowe. W ramach poszczeg\u00f3lnych us\u0142ug lub funkcjonalno\u015bci mo\u017ce si\u0119 zdarzy\u0107, \u017ce powierzysz je podmiotom, z kt\u00f3rymi wsp\u00f3\u0142pracujemy bezpo\u015brednio lub po\u015brednio, przede wszystkim w ramach zapewnienia Pa\u0144stwu Us\u0142ug na najwy\u017cszym poziomie, ale r\u00f3wnie\u017c w ramach dzia\u0142a\u0144 marketingowych. &hellip; Wi\u0119cej\" \/>\n<meta property=\"og:url\" content=\"https:\/\/conkret.com.pl\/en\/privacy-policy\/\" \/>\n<meta property=\"og:site_name\" content=\"Conkret\" \/>\n<meta property=\"article:modified_time\" content=\"2022-02-01T13:48:41+00:00\" \/>\n<meta name=\"twitter:card\" content=\"summary_large_image\" \/>\n<meta name=\"twitter:label1\" content=\"Est. reading time\" \/>\n\t<meta name=\"twitter:data1\" content=\"12 minutes\" \/>\n<script type=\"application\/ld+json\" class=\"yoast-schema-graph\">{\"@context\":\"https:\/\/schema.org\",\"@graph\":[{\"@type\":\"WebPage\",\"@id\":\"https:\/\/conkret.com.pl\/en\/privacy-policy\/\",\"url\":\"https:\/\/conkret.com.pl\/en\/privacy-policy\/\",\"name\":\"Privacy policy - Conkret\",\"isPartOf\":{\"@id\":\"https:\/\/conkret.com.pl\/#website\"},\"datePublished\":\"2021-12-02T03:42:06+00:00\",\"dateModified\":\"2022-02-01T13:48:41+00:00\",\"breadcrumb\":{\"@id\":\"https:\/\/conkret.com.pl\/en\/privacy-policy\/#breadcrumb\"},\"inLanguage\":\"en-US\",\"potentialAction\":[{\"@type\":\"ReadAction\",\"target\":[\"https:\/\/conkret.com.pl\/en\/privacy-policy\/\"]}]},{\"@type\":\"BreadcrumbList\",\"@id\":\"https:\/\/conkret.com.pl\/en\/privacy-policy\/#breadcrumb\",\"itemListElement\":[{\"@type\":\"ListItem\",\"position\":1,\"name\":\"Strona g\u0142\u00f3wna\",\"item\":\"https:\/\/conkret.com.pl\/en\/\"},{\"@type\":\"ListItem\",\"position\":2,\"name\":\"Privacy policy\"}]},{\"@type\":\"WebSite\",\"@id\":\"https:\/\/conkret.com.pl\/#website\",\"url\":\"https:\/\/conkret.com.pl\/\",\"name\":\"Conkret\",\"description\":\"Construction, industrial and agricultural film\",\"potentialAction\":[{\"@type\":\"SearchAction\",\"target\":{\"@type\":\"EntryPoint\",\"urlTemplate\":\"https:\/\/conkret.com.pl\/?s={search_term_string}\"},\"query-input\":\"required name=search_term_string\"}],\"inLanguage\":\"en-US\"}]}<\/script>\n<!-- \/ Yoast SEO plugin. -->","yoast_head_json":{"title":"Privacy policy - Conkret","robots":{"index":"index","follow":"follow","max-snippet":"max-snippet:-1","max-image-preview":"max-image-preview:large","max-video-preview":"max-video-preview:-1"},"canonical":"https:\/\/conkret.com.pl\/en\/privacy-policy\/","og_locale":"en_US","og_type":"article","og_title":"Privacy policy - Conkret","og_description":"Polityka prywatno\u015bci Korzystaj\u0105c z naszej strony internetowej i dost\u0119pnych na niej serwis\u00f3w, us\u0142ug i funkcjonalno\u015bci, powierzasz nam swoje dane osobowe. W ramach poszczeg\u00f3lnych us\u0142ug lub funkcjonalno\u015bci mo\u017ce si\u0119 zdarzy\u0107, \u017ce powierzysz je podmiotom, z kt\u00f3rymi wsp\u00f3\u0142pracujemy bezpo\u015brednio lub po\u015brednio, przede wszystkim w ramach zapewnienia Pa\u0144stwu Us\u0142ug na najwy\u017cszym poziomie, ale r\u00f3wnie\u017c w ramach dzia\u0142a\u0144 marketingowych. &hellip; Wi\u0119cej","og_url":"https:\/\/conkret.com.pl\/en\/privacy-policy\/","og_site_name":"Conkret","article_modified_time":"2022-02-01T13:48:41+00:00","twitter_card":"summary_large_image","twitter_misc":{"Est. reading time":"12 minutes"},"schema":{"@context":"https:\/\/schema.org","@graph":[{"@type":"WebPage","@id":"https:\/\/conkret.com.pl\/en\/privacy-policy\/","url":"https:\/\/conkret.com.pl\/en\/privacy-policy\/","name":"Privacy policy - Conkret","isPartOf":{"@id":"https:\/\/conkret.com.pl\/#website"},"datePublished":"2021-12-02T03:42:06+00:00","dateModified":"2022-02-01T13:48:41+00:00","breadcrumb":{"@id":"https:\/\/conkret.com.pl\/en\/privacy-policy\/#breadcrumb"},"inLanguage":"en-US","potentialAction":[{"@type":"ReadAction","target":["https:\/\/conkret.com.pl\/en\/privacy-policy\/"]}]},{"@type":"BreadcrumbList","@id":"https:\/\/conkret.com.pl\/en\/privacy-policy\/#breadcrumb","itemListElement":[{"@type":"ListItem","position":1,"name":"Strona g\u0142\u00f3wna","item":"https:\/\/conkret.com.pl\/en\/"},{"@type":"ListItem","position":2,"name":"Privacy policy"}]},{"@type":"WebSite","@id":"https:\/\/conkret.com.pl\/#website","url":"https:\/\/conkret.com.pl\/","name":"Conkret","description":"Construction, industrial and agricultural film","potentialAction":[{"@type":"SearchAction","target":{"@type":"EntryPoint","urlTemplate":"https:\/\/conkret.com.pl\/?s={search_term_string}"},"query-input":"required name=search_term_string"}],"inLanguage":"en-US"}]}},"_links":{"self":[{"href":"https:\/\/conkret.com.pl\/en\/wp-json\/wp\/v2\/pages\/2537"}],"collection":[{"href":"https:\/\/conkret.com.pl\/en\/wp-json\/wp\/v2\/pages"}],"about":[{"href":"https:\/\/conkret.com.pl\/en\/wp-json\/wp\/v2\/types\/page"}],"author":[{"embeddable":true,"href":"https:\/\/conkret.com.pl\/en\/wp-json\/wp\/v2\/users\/1"}],"replies":[{"embeddable":true,"href":"https:\/\/conkret.com.pl\/en\/wp-json\/wp\/v2\/comments?post=2537"}],"version-history":[{"count":3,"href":"https:\/\/conkret.com.pl\/en\/wp-json\/wp\/v2\/pages\/2537\/revisions"}],"predecessor-version":[{"id":3273,"href":"https:\/\/conkret.com.pl\/en\/wp-json\/wp\/v2\/pages\/2537\/revisions\/3273"}],"wp:attachment":[{"href":"https:\/\/conkret.com.pl\/en\/wp-json\/wp\/v2\/media?parent=2537"}],"curies":[{"name":"wp","href":"https:\/\/api.w.org\/{rel}","templated":true}]}}